{"id":49,"date":"2022-03-12T21:28:29","date_gmt":"2022-03-12T20:28:29","guid":{"rendered":"https:\/\/mpm-consulting.fr\/index.php\/home\/"},"modified":"2026-02-27T13:01:39","modified_gmt":"2026-02-27T12:01:39","slug":"home-2","status":"publish","type":"page","link":"https:\/\/mpm-consulting.fr\/","title":{"rendered":"Accueil"},"content":{"rendered":"\n\n\n<p class=\"justification_texte\"><br><strong>MPM Consulting<\/strong> accompagne les entrepreneurs, TPE, soci\u00e9t\u00e9s de services autour de l&rsquo;immobilier et du tourisme dans leur d\u00e9veloppement sur le march\u00e9 fran\u00e7ais. Gr\u00e2ce \u00e0 notre expertise de plus de 15 ans sur le march\u00e9 immobilier fran\u00e7ais, nous vous aiderons \u00e0 mettre en place des strat\u00e9gies adapt\u00e9es \u00e0 votre business afin que vous atteignez vos objectifs.<\/p>\n\n\n\n<p class=\"justification_texte\">De la connaissance du march\u00e9, en passant par la d\u00e9finition d&rsquo;objectifs pr\u00e9cis jusqu&rsquo;\u00e0 la conception de votre calendrier \u00e9ditorial, nous intervenons sur les 3 axes strat\u00e9giques indispensables au d\u00e9veloppement commercial de vos activit\u00e9s.<\/p>\n\n\n\n<div style=\"height:10px\" aria-hidden=\"true\" class=\"wp-block-spacer\"><\/div>\n\n\n\n<h2 class=\"wp-block-heading has-text-align-center has-white-color has-text-color has-background has-medium-font-size\" style=\"background-color:#272c63;font-style:normal;font-weight:800\">DEVELOPPEMENT STRATEGIQUE<\/h2>\n\n\n\n<div class=\"wp-block-columns is-layout-flex wp-container-core-columns-is-layout-28f84493 wp-block-columns-is-layout-flex\">\n<div class=\"wp-block-column is-layout-flow wp-block-column-is-layout-flow\"><div class=\"wp-block-image\">\n<figure class=\"aligncenter size-thumbnail is-resized\"><img loading=\"lazy\" decoding=\"async\" width=\"150\" height=\"150\" src=\"https:\/\/mpm-consulting.fr\/wp-content\/uploads\/2022\/12\/Loupe-orange-150x150.png\" alt=\"\" class=\"wp-image-204\" style=\"width:113px;height:113px\" srcset=\"https:\/\/mpm-consulting.fr\/wp-content\/uploads\/2022\/12\/Loupe-orange-150x150.png 150w, https:\/\/mpm-consulting.fr\/wp-content\/uploads\/2022\/12\/Loupe-orange-300x300.png 300w, https:\/\/mpm-consulting.fr\/wp-content\/uploads\/2022\/12\/Loupe-orange-1024x1024.png 1024w, https:\/\/mpm-consulting.fr\/wp-content\/uploads\/2022\/12\/Loupe-orange-768x768.png 768w, https:\/\/mpm-consulting.fr\/wp-content\/uploads\/2022\/12\/Loupe-orange.png 1080w\" sizes=\"(max-width: 150px) 100vw, 150px\" \/><\/figure>\n<\/div>\n\n\n<div style=\"height:30px\" aria-hidden=\"true\" class=\"wp-block-spacer\"><\/div>\n\n\n\n<h3 class=\"wp-block-heading has-text-align-center has-medium-font-size\" style=\"font-style:normal;font-weight:500\">Analyse du march\u00e9<\/h3>\n\n\n\n<p class=\"has-text-align-center\">Gr\u00e2ce \u00e0 notre expertise, vous saurez si votre offre correspond au march\u00e9 sur lequel vous souhaitez vous lancer.<\/p>\n<\/div>\n\n\n\n<div class=\"wp-block-column is-layout-flow wp-block-column-is-layout-flow\"><div class=\"wp-block-image\">\n<figure class=\"aligncenter size-thumbnail is-resized\"><img loading=\"lazy\" decoding=\"async\" width=\"150\" height=\"150\" src=\"https:\/\/mpm-consulting.fr\/wp-content\/uploads\/2022\/12\/to-do-list-orange-150x150.png\" alt=\"\" class=\"wp-image-205\" style=\"width:113px;height:113px\" srcset=\"https:\/\/mpm-consulting.fr\/wp-content\/uploads\/2022\/12\/to-do-list-orange-150x150.png 150w, https:\/\/mpm-consulting.fr\/wp-content\/uploads\/2022\/12\/to-do-list-orange-300x300.png 300w, https:\/\/mpm-consulting.fr\/wp-content\/uploads\/2022\/12\/to-do-list-orange-1024x1024.png 1024w, https:\/\/mpm-consulting.fr\/wp-content\/uploads\/2022\/12\/to-do-list-orange-768x768.png 768w, https:\/\/mpm-consulting.fr\/wp-content\/uploads\/2022\/12\/to-do-list-orange.png 1080w\" sizes=\"(max-width: 150px) 100vw, 150px\" \/><\/figure>\n<\/div>\n\n\n<div style=\"height:30px\" aria-hidden=\"true\" class=\"wp-block-spacer\"><\/div>\n\n\n\n<h3 class=\"wp-block-heading has-text-align-center has-medium-font-size\" style=\"font-style:normal;font-weight:500\">Strat\u00e9gie marketing<\/h3>\n\n\n\n<p class=\"has-text-align-center\">D\u00e9finissons ensemble les besoins et les attentes de votre client\u00e8le afin d&rsquo;adapter vos services \u00e0 ce qu&rsquo;ils attendent.<\/p>\n<\/div>\n\n\n\n<div class=\"wp-block-column is-layout-flow wp-block-column-is-layout-flow\"><div class=\"wp-block-image\">\n<figure class=\"aligncenter size-thumbnail is-resized\"><img loading=\"lazy\" decoding=\"async\" width=\"150\" height=\"150\" src=\"https:\/\/mpm-consulting.fr\/wp-content\/uploads\/2022\/12\/business-plan-orange-150x150.png\" alt=\"\" class=\"wp-image-208\" style=\"width:113px;height:113px\" srcset=\"https:\/\/mpm-consulting.fr\/wp-content\/uploads\/2022\/12\/business-plan-orange-150x150.png 150w, https:\/\/mpm-consulting.fr\/wp-content\/uploads\/2022\/12\/business-plan-orange-300x300.png 300w, https:\/\/mpm-consulting.fr\/wp-content\/uploads\/2022\/12\/business-plan-orange-1024x1024.png 1024w, https:\/\/mpm-consulting.fr\/wp-content\/uploads\/2022\/12\/business-plan-orange-768x768.png 768w, https:\/\/mpm-consulting.fr\/wp-content\/uploads\/2022\/12\/business-plan-orange.png 1080w\" sizes=\"(max-width: 150px) 100vw, 150px\" \/><\/figure>\n<\/div>\n\n\n<div style=\"height:30px\" aria-hidden=\"true\" class=\"wp-block-spacer\"><\/div>\n\n\n\n<h3 class=\"wp-block-heading has-text-align-center has-medium-font-size\" style=\"font-style:normal;font-weight:500\">D\u00e9finition d&rsquo;un plan<\/h3>\n\n\n\n<p class=\"has-text-align-center\">Nous \u00e9laborons un plan avec des points et des objectifs bien d\u00e9finis pour aiguiller votre d\u00e9veloppement.<\/p>\n<\/div>\n<\/div>\n\n\n\n<h2 class=\"wp-block-heading has-text-align-center has-white-color has-text-color has-background has-medium-font-size\" style=\"background-color:#272c63;font-style:normal;font-weight:800\">STRATEGIE COMMUNICATION<\/h2>\n\n\n\n<div class=\"wp-block-columns is-layout-flex wp-container-core-columns-is-layout-28f84493 wp-block-columns-is-layout-flex\">\n<div class=\"wp-block-column is-layout-flow wp-block-column-is-layout-flow\"><div class=\"wp-block-image\">\n<figure class=\"aligncenter size-thumbnail is-resized\"><img loading=\"lazy\" decoding=\"async\" width=\"150\" height=\"150\" src=\"https:\/\/mpm-consulting.fr\/wp-content\/uploads\/2022\/12\/Dessin-orange-150x150.png\" alt=\"\" class=\"wp-image-206\" style=\"width:113px;height:113px\" srcset=\"https:\/\/mpm-consulting.fr\/wp-content\/uploads\/2022\/12\/Dessin-orange-150x150.png 150w, https:\/\/mpm-consulting.fr\/wp-content\/uploads\/2022\/12\/Dessin-orange-300x300.png 300w, https:\/\/mpm-consulting.fr\/wp-content\/uploads\/2022\/12\/Dessin-orange-1024x1024.png 1024w, https:\/\/mpm-consulting.fr\/wp-content\/uploads\/2022\/12\/Dessin-orange-768x768.png 768w, https:\/\/mpm-consulting.fr\/wp-content\/uploads\/2022\/12\/Dessin-orange.png 1080w\" sizes=\"(max-width: 150px) 100vw, 150px\" \/><\/figure>\n<\/div>\n\n\n<div style=\"height:30px\" aria-hidden=\"true\" class=\"wp-block-spacer\"><\/div>\n\n\n\n<h3 class=\"wp-block-heading has-text-align-center has-medium-font-size\" style=\"font-style:normal;font-weight:500\">Cr\u00e9ation de contenu<\/h3>\n\n\n\n<p class=\"has-text-align-center\">Nous vous aidons \u00e0 r\u00e9diger et \u00e0 choisir les meilleurs formats afin de vous aider \u00e0 d\u00e9velopper votre pr\u00e9sence sur les r\u00e9seaux sociaux.<\/p>\n<\/div>\n\n\n\n<div class=\"wp-block-column is-layout-flow wp-block-column-is-layout-flow\"><div class=\"wp-block-image\">\n<figure class=\"aligncenter size-thumbnail is-resized\"><img loading=\"lazy\" decoding=\"async\" width=\"150\" height=\"150\" src=\"https:\/\/mpm-consulting.fr\/wp-content\/uploads\/2022\/12\/Calendar-orange-150x150.png\" alt=\"\" class=\"wp-image-207\" style=\"width:113px;height:113px\" srcset=\"https:\/\/mpm-consulting.fr\/wp-content\/uploads\/2022\/12\/Calendar-orange-150x150.png 150w, https:\/\/mpm-consulting.fr\/wp-content\/uploads\/2022\/12\/Calendar-orange-300x300.png 300w, https:\/\/mpm-consulting.fr\/wp-content\/uploads\/2022\/12\/Calendar-orange-1024x1024.png 1024w, https:\/\/mpm-consulting.fr\/wp-content\/uploads\/2022\/12\/Calendar-orange-768x768.png 768w, https:\/\/mpm-consulting.fr\/wp-content\/uploads\/2022\/12\/Calendar-orange.png 1080w\" sizes=\"(max-width: 150px) 100vw, 150px\" \/><\/figure>\n<\/div>\n\n\n<div style=\"height:30px\" aria-hidden=\"true\" class=\"wp-block-spacer\"><\/div>\n\n\n\n<h3 class=\"wp-block-heading has-text-align-center has-medium-font-size\" style=\"font-style:normal;font-weight:500\">Elaboration du calendrier \u00e9ditorial<\/h3>\n\n\n\n<p class=\"has-text-align-center\">Des publications aux emails, restez en contact avec vos prospects et vos clients gr\u00e2ce \u00e0 la cr\u00e9ation d&rsquo;un calendrier adapt\u00e9 \u00e0 vos activit\u00e9s. <\/p>\n<\/div>\n<\/div>\n\n\n\n<h2 class=\"wp-block-heading has-text-align-center has-white-color has-text-color has-background has-medium-font-size\" style=\"background-color:#272c63;font-style:normal;font-weight:800\">OPTIMISATION DU MODEL ET ACCOMPAGNEMENT<\/h2>\n\n\n\n<div class=\"wp-block-columns is-layout-flex wp-container-core-columns-is-layout-28f84493 wp-block-columns-is-layout-flex\">\n<div class=\"wp-block-column is-layout-flow wp-block-column-is-layout-flow\"><div class=\"wp-block-image\">\n<figure class=\"aligncenter size-thumbnail is-resized\"><img loading=\"lazy\" decoding=\"async\" width=\"150\" height=\"150\" src=\"https:\/\/mpm-consulting.fr\/wp-content\/uploads\/2022\/12\/Tendance-orange-150x150.png\" alt=\"\" class=\"wp-image-203\" style=\"width:113px;height:113px\" srcset=\"https:\/\/mpm-consulting.fr\/wp-content\/uploads\/2022\/12\/Tendance-orange-150x150.png 150w, https:\/\/mpm-consulting.fr\/wp-content\/uploads\/2022\/12\/Tendance-orange-300x300.png 300w, https:\/\/mpm-consulting.fr\/wp-content\/uploads\/2022\/12\/Tendance-orange-1024x1024.png 1024w, https:\/\/mpm-consulting.fr\/wp-content\/uploads\/2022\/12\/Tendance-orange-768x768.png 768w, https:\/\/mpm-consulting.fr\/wp-content\/uploads\/2022\/12\/Tendance-orange.png 1080w\" sizes=\"(max-width: 150px) 100vw, 150px\" \/><\/figure>\n<\/div>\n\n\n<div style=\"height:30px\" aria-hidden=\"true\" class=\"wp-block-spacer\"><\/div>\n\n\n\n<h3 class=\"wp-block-heading has-text-align-center has-medium-font-size\" style=\"font-style:normal;font-weight:500\">Analyse des tendances<\/h3>\n\n\n\n<p class=\"has-text-align-center\">Gr\u00e2ce \u00e0 notre expertise et \u00e0 notre r\u00e9seau nous vous aidons \u00e0 faire face aux fluctuations du march\u00e9.<\/p>\n<\/div>\n\n\n\n<div class=\"wp-block-column is-layout-flow wp-block-column-is-layout-flow\"><div class=\"wp-block-image\">\n<figure class=\"aligncenter size-thumbnail is-resized\"><img loading=\"lazy\" decoding=\"async\" width=\"150\" height=\"150\" src=\"https:\/\/mpm-consulting.fr\/wp-content\/uploads\/2022\/12\/objectif-orange-1-150x150.png\" alt=\"\" class=\"wp-image-210\" style=\"width:113px;height:113px\" srcset=\"https:\/\/mpm-consulting.fr\/wp-content\/uploads\/2022\/12\/objectif-orange-1-150x150.png 150w, https:\/\/mpm-consulting.fr\/wp-content\/uploads\/2022\/12\/objectif-orange-1-300x300.png 300w, https:\/\/mpm-consulting.fr\/wp-content\/uploads\/2022\/12\/objectif-orange-1-1024x1024.png 1024w, https:\/\/mpm-consulting.fr\/wp-content\/uploads\/2022\/12\/objectif-orange-1-768x768.png 768w, https:\/\/mpm-consulting.fr\/wp-content\/uploads\/2022\/12\/objectif-orange-1.png 1080w\" sizes=\"(max-width: 150px) 100vw, 150px\" \/><\/figure>\n<\/div>\n\n\n<div style=\"height:30px\" aria-hidden=\"true\" class=\"wp-block-spacer\"><\/div>\n\n\n\n<h3 class=\"wp-block-heading has-text-align-center has-medium-font-size\" style=\"font-style:normal;font-weight:500\">Atteindre les objectifs<\/h3>\n\n\n\n<p class=\"has-text-align-center\">Nous mettons en place des \u00e9tapes r\u00e9alistes et atteignables afin d&rsquo;obtenir des r\u00e9sultats concrets.<\/p>\n<\/div>\n<\/div>\n\n\n\n<div style=\"height:10px\" aria-hidden=\"true\" class=\"wp-block-spacer\"><\/div>\n\n\n\n<p class=\"has-text-align-center\">Pour plus d&rsquo;informations, n&rsquo;h\u00e9sitez pas <a href=\"mailto:\/\/info@mpm-consulting.fr\" data-type=\"mailto\" data-id=\"mailto:\/\/info@mpm-consulting.fr\">\u00e0 nous contacter<\/a> !<\/p>\n\n\n","protected":false},"excerpt":{"rendered":"<p>MPM Consulting accompagne les entrepreneurs, TPE, soci\u00e9t\u00e9s de services autour de l&rsquo;immobilier et du tourisme dans leur d\u00e9veloppement sur le march\u00e9 fran\u00e7ais. Gr\u00e2ce \u00e0 notre expertise de plus de 15 ans sur le march\u00e9 immobilier fran\u00e7ais, nous vous aiderons \u00e0 mettre en place des strat\u00e9gies adapt\u00e9es \u00e0 votre business afin que vous atteignez vos objectifs. [&hellip;]<\/p>\n","protected":false},"author":1,"featured_media":0,"parent":0,"menu_order":0,"comment_status":"closed","ping_status":"closed","template":"","meta":{"saved_in_kubio":true,"_seopress_robots_primary_cat":"","_seopress_titles_title":"","_seopress_titles_desc":"MPM Consulting : strat\u00e9gie, croissance & \u00e9v\u00e9nements pour les pros de la LCD, immo, tourisme Offres sur-mesure pour booster votre activit\u00e9.","_seopress_robots_index":"","footnotes":""},"class_list":["post-49","page","type-page","status-publish","hentry"],"kubio_ai_page_context":{"short_desc":"","purpose":"general"},"_links":{"self":[{"href":"https:\/\/mpm-consulting.fr\/index.php\/wp-json\/wp\/v2\/pages\/49","targetHints":{"allow":["GET"]}}],"collection":[{"href":"https:\/\/mpm-consulting.fr\/index.php\/wp-json\/wp\/v2\/pages"}],"about":[{"href":"https:\/\/mpm-consulting.fr\/index.php\/wp-json\/wp\/v2\/types\/page"}],"author":[{"embeddable":true,"href":"https:\/\/mpm-consulting.fr\/index.php\/wp-json\/wp\/v2\/users\/1"}],"replies":[{"embeddable":true,"href":"https:\/\/mpm-consulting.fr\/index.php\/wp-json\/wp\/v2\/comments?post=49"}],"version-history":[{"count":22,"href":"https:\/\/mpm-consulting.fr\/index.php\/wp-json\/wp\/v2\/pages\/49\/revisions"}],"predecessor-version":[{"id":483,"href":"https:\/\/mpm-consulting.fr\/index.php\/wp-json\/wp\/v2\/pages\/49\/revisions\/483"}],"wp:attachment":[{"href":"https:\/\/mpm-consulting.fr\/index.php\/wp-json\/wp\/v2\/media?parent=49"}],"curies":[{"name":"wp","href":"https:\/\/api.w.org\/{rel}","templated":true}]}}