{"id":120,"date":"2022-12-08T14:25:52","date_gmt":"2022-12-08T13:25:52","guid":{"rendered":"https:\/\/mpm-consulting.fr\/?page_id=120"},"modified":"2025-11-16T13:14:54","modified_gmt":"2025-11-16T12:14:54","slug":"evenements","status":"publish","type":"page","link":"https:\/\/mpm-consulting.fr\/index.php\/evenements\/","title":{"rendered":"\u00c9v\u00e9nementiel"},"content":{"rendered":"\n<h3 class=\"wp-block-heading justification_texte\"><strong>Des \u00e9v\u00e9nements \u00e0 votre image, pens\u00e9s pour avoir de l\u2019impact<\/strong><\/h3>\n\n\n\n<p>En plus de notre expertise dans le d\u00e9veloppement strat\u00e9gique des entreprises du secteur immobilier et touristique, <strong>MPM Consulting con\u00e7oit, produit et organise des \u00e9v\u00e9nements professionnels sur-mesure<\/strong>, en propre ou pour le compte de ses clients.<\/p>\n\n\n\n<p>Nous sommes \u00e0 l\u2019origine de 3 rendez-vous embl\u00e9matiques dans l\u2019industrie de la location courte dur\u00e9e :<\/p>\n\n\n\n<ul class=\"wp-block-list\">\n<li><strong><a href=\"https:\/\/france.scalerentals.show\/event\/scale-france-2025\/\" data-type=\"link\" data-id=\"https:\/\/france.scalerentals.show\/event\/scale-france-2025\/\" target=\"_blank\" rel=\"noreferrer noopener\">Scale France<\/a><\/strong> \u2013 \u00e9v\u00e9nement national de r\u00e9f\u00e9rence pour les gestionnaires de plus de 20 biens (4\u1d49 \u00e9dition en 2025), 600 pros de l&rsquo;\u00e9cosyst\u00e8me de la Location Courte Dur\u00e9e en immersion. <\/li>\n\n\n\n<li><strong><a href=\"https:\/\/lcd-awards.com\/\" data-type=\"link\" data-id=\"https:\/\/lcd-awards.com\/\" target=\"_blank\" rel=\"noreferrer noopener\">LCD Awards<\/a><\/strong> \u2013 1\u02b3\u1d49 c\u00e9r\u00e9monie fran\u00e7aise r\u00e9compensant l\u2019excellence dans la location saisonni\u00e8re (lanc\u00e9e en 2024 avec un succ\u00e8s majeur), 13 cat\u00e9gories <\/li>\n\n\n\n<li><strong><a href=\"https:\/\/france.scalerentals.show\/event\/en-direct\/\" data-type=\"link\" data-id=\"https:\/\/france.scalerentals.show\/event\/en-direct\/\" target=\"_blank\" rel=\"noreferrer noopener\">En Direct<\/a><\/strong> -1er \u00e9v\u00e8nement d\u00e9di\u00e9 100% r\u00e9serv\u00e9 \u00e0 l&rsquo;optimisation des r\u00e9servations en direct et \u00e0 l&rsquo;ind\u00e9pendance des professionnels de la LCD. La 1er \u00e9dition aura lieu pendant le Scale France. <\/li>\n\n\n\n<li>Soir\u00e9es : MPM consulting produits \u00e9galement des soir\u00e9es networking avant et apr\u00e8s des \u00e9venements que nous produisons. <\/li>\n<\/ul>\n\n\n\n<p>Nous accompagnons \u00e9galement des entreprises, marques ou r\u00e9seaux souhaitant cr\u00e9er <strong>leurs propres \u00e9v\u00e9nements sur-mesure<\/strong>, \u00e0 Paris ou ailleurs, en petit comit\u00e9 comme \u00e0 grande \u00e9chelle.<\/p>\n\n\n\n<hr class=\"wp-block-separator has-alpha-channel-opacity\"\/>\n\n\n\n<h3 class=\"wp-block-heading\">Ce que nous proposons<\/h3>\n\n\n\n<ul class=\"wp-block-list\">\n<li><strong>Production compl\u00e8te<\/strong> ou co-organisation d\u2019\u00e9v\u00e9nements professionnels<\/li>\n\n\n\n<li>Formats adaptables : conf\u00e9rences, afterworks, retraites, lancements presse, s\u00e9minaires<\/li>\n\n\n\n<li>\u00c9v\u00e9nements \u00e0 impact, \u00e9co-con\u00e7us et align\u00e9s avec vos valeurs<\/li>\n\n\n\n<li>Exp\u00e9rience cl\u00e9-en-main ou en collaboration avec vos \u00e9quipes<\/li>\n<\/ul>\n\n\n\n<p>Notre force : un m\u00e9lange de <strong>cr\u00e9ativit\u00e9, rigueur logistique, et compr\u00e9hension fine des enjeux business<\/strong>.<\/p>\n\n\n\n<hr class=\"wp-block-separator has-alpha-channel-opacity\"\/>\n\n\n\n<h3 class=\"wp-block-heading\">Pourquoi faire appel \u00e0 MPM Consulting ?<\/h3>\n\n\n\n<ul class=\"wp-block-list\">\n<li>Une \u00e9quipe qui <strong>allie strat\u00e9gie, \u00e9v\u00e9nementiel et ancrage terrain<\/strong> dans l\u2019industrie de la location courte dur\u00e9e, immobilier et tourisme.<\/li>\n\n\n\n<li>Des formats pens\u00e9s pour cr\u00e9er de <strong>vrais liens et une vraie valeur ajout\u00e9e<\/strong><\/li>\n\n\n\n<li>Une capacit\u00e9 \u00e0 concevoir des \u00e9v\u00e9nements <strong>originaux, exigeants et engageants<\/strong><\/li>\n\n\n\n<li>Une attention particuli\u00e8re port\u00e9e \u00e0 <strong>l\u2019exp\u00e9rience participant et au sens donn\u00e9 \u00e0 l\u2019\u00e9v\u00e9nement<\/strong><\/li>\n<\/ul>\n\n\n\n<hr class=\"wp-block-separator has-alpha-channel-opacity\"\/>\n\n\n\n<h3 class=\"wp-block-heading\">Nos \u00e9v\u00e9nements<\/h3>\n\n\n\n<h4 class=\"wp-block-heading\">Scale France<\/h4>\n\n\n\n<p>Lanc\u00e9 en 2022, <strong>Scale France<\/strong> est l\u2019\u00e9v\u00e9nement incontournable du secteur de la location courte dur\u00e9e en France.<br>Ce rendez-vous r\u00e9unit chaque ann\u00e9e des <strong>entrepreneurs, gestionnaires et d\u00e9cideurs<\/strong> autour de th\u00e9matiques comme la croissance responsable, l\u2019innovation, la fid\u00e9lisation propri\u00e9taire, la r\u00e9servation en direct, le recrutement, l&rsquo;exit (cession), revenu management, distribution, Ressources Humaines ou encore l\u2019optimisation op\u00e9rationnelle.<\/p>\n\n\n\n<p>Format hybride m\u00ealant <strong>conf\u00e9rences, panels, ateliers concrets, networking et moments off the record<\/strong>, Scale France est bien plus qu\u2019un salon : c\u2019est un <strong>rendez-vous business et communautaire \u00e0 taille humaine<\/strong>.<\/p>\n\n\n\n<p>\u27a1\ufe0f <a href=\"https:\/\/www.linkedin.com\/showcase\/scalefrance\/\" target=\"_blank\" rel=\"noreferrer noopener\">LinkedIn Scale France<\/a><br>\u27a1\ufe0f <a href=\"https:\/\/france.scalerentals.show\/event\/scale-france-2022\/\" target=\"_blank\" rel=\"noreferrer noopener\">\u00c9dition 2022<\/a><br>\u27a1\ufe0f <a href=\"https:\/\/france.scalerentals.show\/event\/scale-france-2023\/\" target=\"_blank\" rel=\"noreferrer noopener\">\u00c9dition 2023<\/a><br>\u27a1\ufe0f <a href=\"https:\/\/france.scalerentals.show\/event\/scale-france-2023\/\" target=\"_blank\" rel=\"noreferrer noopener\">\u00c9dition 2024<\/a><\/p>\n\n\n\n<h4 class=\"wp-block-heading\">LCD Awards<\/h4>\n\n\n\n<p>Lanc\u00e9e en 2024, la 1\u02b3\u1d49 \u00e9dition des <strong>LCD Awards<\/strong> a \u00e9t\u00e9 un <strong>v\u00e9ritable succ\u00e8s pour l\u2019industrie<\/strong>. <br>Elle a rassembl\u00e9 des centaines de candidats dans toute la France, des partenaires engag\u00e9s, un jury expert et une communaut\u00e9 dynamique autour d\u2019un objectif : <strong>valoriser l\u2019excellence dans la location saisonni\u00e8re<\/strong> et c&rsquo;est couronn\u00e9 par la remise de 13 troph\u00e9es le 17 mai 2025 au Mus\u00e9e des Arts Forains \u00e0 Paris. <\/p>\n\n\n\n<p>Plus qu\u2019un simple troph\u00e9e, les LCD Awards sont devenus un <strong>levier de visibilit\u00e9 et de reconnaissance<\/strong> pour de nombreux acteurs du secteur.<\/p>\n\n\n\n<p>\u27a1\ufe0f <a href=\"https:\/\/www.linkedin.com\/showcase\/lcd-awards\/\" target=\"_blank\" rel=\"noreferrer noopener\">LinkedIn LCD Awards<\/a><\/p>\n\n\n\n<h4 class=\"wp-block-heading\">En Direct  <\/h4>\n\n\n\n<p>Lanc\u00e9e en 2025, cette 1ere \u00e9dition a lieu pendant le Scale France 2025. <br>Cet \u00e9v\u00e8nement strat\u00e9gique d\u00e9di\u00e9 \u00e0 un sujet cl\u00e9 : <strong>reprendre la main sur ses r\u00e9servations<\/strong> et son ind\u00e9pendance.<br>Nous avons demand\u00e9 \u00e0 Louis Andrews qui obtient 75 \u00e0 80% de r\u00e9servation en direct de co-construire et de pr\u00e9senter cet \u00e9v\u00e8nement. <br>Ce format immersif a affich\u00e9 complet quasi 2 mois avant son \u00e9dition et sera reserv\u00e9 au 70 professionnels motiv\u00e9s pour comprendre, tester et activer les leviers du direct.<\/p>\n\n\n\n<p>Concret, interactif et sans langue de bois, <em>En Direct<\/em> vous apporte :  des m\u00e9thodes pour augmenter votre visibilit\u00e9 et votre conversion,  des retours d\u2019exp\u00e9rience de pairs, des outils simples <br>R\u00e9serv\u00e9 cette ann\u00e9e aux participants du Scale France, E<em>n Direct<\/em> reviendra \u00e0 d&rsquo;autres moments de l&rsquo;ann\u00e9e sous diff\u00e9rents formats. <br><\/p>\n\n\n\n<hr class=\"wp-block-separator has-alpha-channel-opacity\"\/>\n\n\n\n<blockquote class=\"wp-block-quote is-layout-flow wp-block-quote-is-layout-flow\">\n<p><strong>Un \u00e9v\u00e9nement en t\u00eate ?<\/strong><br>Nous vous aidons \u00e0 lui donner vie, avec du sens, du rythme et une organisation ma\u00eetris\u00e9e.<br>Discutons ensemble de vos envies et imaginons un format qui vous ressemble vraiment.<\/p>\n<\/blockquote>\n\n\n\n<p>\u27a1\ufe0f [<a href=\"mail:\/\/info@mpm-consulting.fr\">Contactez-nous<\/a>] <\/p>\n\n\n\n<p><\/p>\n\n\n\n<div class=\"wp-block-group\"><div class=\"wp-block-group__inner-container is-layout-constrained wp-block-group-is-layout-constrained\">\n<div class=\"wp-block-columns is-layout-flex wp-container-core-columns-is-layout-28f84493 wp-block-columns-is-layout-flex\">\n<div class=\"wp-block-column is-layout-flow wp-block-column-is-layout-flow\" style=\"flex-basis:100%\"><\/div>\n<\/div>\n<\/div><\/div>\n\n\n\n<div class=\"wp-block-columns is-layout-flex wp-container-core-columns-is-layout-28f84493 wp-block-columns-is-layout-flex\">\n<div class=\"wp-block-column is-layout-flow wp-block-column-is-layout-flow\"><\/div>\n\n\n\n<div class=\"wp-block-column is-layout-flow wp-block-column-is-layout-flow\"><\/div>\n\n\n\n<div class=\"wp-block-column is-layout-flow wp-block-column-is-layout-flow\"><\/div>\n<\/div>\n\n\n\n<div class=\"wp-block-group\"><div class=\"wp-block-group__inner-container is-layout-constrained wp-block-group-is-layout-constrained\">\n<figure class=\"wp-block-gallery has-nested-images columns-default is-cropped wp-block-gallery-1 is-layout-flex wp-block-gallery-is-layout-flex\">\n<figure class=\"wp-block-image size-large\"><a href=\"https:\/\/mpm-consulting.fr\/wp-content\/uploads\/2024\/01\/N80A7112-scaled.jpeg\"><img loading=\"lazy\" decoding=\"async\" width=\"1024\" height=\"683\" data-id=\"264\" src=\"https:\/\/mpm-consulting.fr\/wp-content\/uploads\/2024\/01\/N80A7112-1024x683.jpeg\" alt=\"\" class=\"wp-image-264\" srcset=\"https:\/\/mpm-consulting.fr\/wp-content\/uploads\/2024\/01\/N80A7112-1024x683.jpeg 1024w, https:\/\/mpm-consulting.fr\/wp-content\/uploads\/2024\/01\/N80A7112-300x200.jpeg 300w, https:\/\/mpm-consulting.fr\/wp-content\/uploads\/2024\/01\/N80A7112-768x512.jpeg 768w, https:\/\/mpm-consulting.fr\/wp-content\/uploads\/2024\/01\/N80A7112-1536x1024.jpeg 1536w, https:\/\/mpm-consulting.fr\/wp-content\/uploads\/2024\/01\/N80A7112-2048x1365.jpeg 2048w\" sizes=\"(max-width: 1024px) 100vw, 1024px\" \/><\/a><figcaption class=\"wp-element-caption\">Salle pl\u00e9ni\u00e8re &#8211; \u00e9dition 2023<\/figcaption><\/figure>\n\n\n\n<figure class=\"wp-block-image size-large\"><a href=\"https:\/\/mpm-consulting.fr\/wp-content\/uploads\/2022\/12\/N80A6110-scaled.jpeg\"><img loading=\"lazy\" decoding=\"async\" width=\"1024\" height=\"683\" data-id=\"231\" src=\"https:\/\/mpm-consulting.fr\/wp-content\/uploads\/2022\/12\/N80A6110-1024x683.jpeg\" alt=\"\" class=\"wp-image-231\" srcset=\"https:\/\/mpm-consulting.fr\/wp-content\/uploads\/2022\/12\/N80A6110-1024x683.jpeg 1024w, https:\/\/mpm-consulting.fr\/wp-content\/uploads\/2022\/12\/N80A6110-300x200.jpeg 300w, https:\/\/mpm-consulting.fr\/wp-content\/uploads\/2022\/12\/N80A6110-768x512.jpeg 768w, https:\/\/mpm-consulting.fr\/wp-content\/uploads\/2022\/12\/N80A6110-1536x1024.jpeg 1536w, https:\/\/mpm-consulting.fr\/wp-content\/uploads\/2022\/12\/N80A6110-2048x1365.jpeg 2048w\" sizes=\"(max-width: 1024px) 100vw, 1024px\" \/><\/a><figcaption class=\"wp-element-caption\">Salle Exposants &#8211; \u00e9dition 2022<\/figcaption><\/figure>\n\n\n\n<figure class=\"wp-block-image size-large\"><a href=\"https:\/\/mpm-consulting.fr\/wp-content\/uploads\/2024\/01\/Scale_2023-12-04-at-09.18.09-1.jpeg\"><img loading=\"lazy\" decoding=\"async\" width=\"2048\" height=\"1280\" data-id=\"266\" src=\"https:\/\/mpm-consulting.fr\/wp-content\/uploads\/2024\/01\/Scale_2023-12-04-at-09.18.09-1-edited.jpeg\" alt=\"\" class=\"wp-image-266\" srcset=\"https:\/\/mpm-consulting.fr\/wp-content\/uploads\/2024\/01\/Scale_2023-12-04-at-09.18.09-1-edited.jpeg 2048w, https:\/\/mpm-consulting.fr\/wp-content\/uploads\/2024\/01\/Scale_2023-12-04-at-09.18.09-1-edited-300x188.jpeg 300w, https:\/\/mpm-consulting.fr\/wp-content\/uploads\/2024\/01\/Scale_2023-12-04-at-09.18.09-1-edited-1024x640.jpeg 1024w, https:\/\/mpm-consulting.fr\/wp-content\/uploads\/2024\/01\/Scale_2023-12-04-at-09.18.09-1-edited-768x480.jpeg 768w, https:\/\/mpm-consulting.fr\/wp-content\/uploads\/2024\/01\/Scale_2023-12-04-at-09.18.09-1-edited-1536x960.jpeg 1536w\" sizes=\"(max-width: 2048px) 100vw, 2048px\" \/><\/a><figcaption class=\"wp-element-caption\">Tables rondes &#8211; \u00e9dition 2023<\/figcaption><\/figure>\n\n\n\n<figure class=\"wp-block-image size-large\"><a href=\"https:\/\/mpm-consulting.fr\/wp-content\/uploads\/2022\/12\/N80A6547-scaled.jpeg\"><img loading=\"lazy\" decoding=\"async\" width=\"1024\" height=\"683\" data-id=\"229\" src=\"https:\/\/mpm-consulting.fr\/wp-content\/uploads\/2022\/12\/N80A6547-1024x683.jpeg\" alt=\"\" class=\"wp-image-229\" srcset=\"https:\/\/mpm-consulting.fr\/wp-content\/uploads\/2022\/12\/N80A6547-1024x683.jpeg 1024w, https:\/\/mpm-consulting.fr\/wp-content\/uploads\/2022\/12\/N80A6547-300x200.jpeg 300w, https:\/\/mpm-consulting.fr\/wp-content\/uploads\/2022\/12\/N80A6547-768x512.jpeg 768w, https:\/\/mpm-consulting.fr\/wp-content\/uploads\/2022\/12\/N80A6547-1536x1024.jpeg 1536w, https:\/\/mpm-consulting.fr\/wp-content\/uploads\/2022\/12\/N80A6547-2048x1365.jpeg 2048w\" sizes=\"(max-width: 1024px) 100vw, 1024px\" \/><\/a><figcaption class=\"wp-element-caption\">Soir\u00e9e networking &#8211; \u00e9dition 2022<\/figcaption><\/figure>\n\n\n\n<figure class=\"wp-block-image size-large\"><a href=\"https:\/\/mpm-consulting.fr\/wp-content\/uploads\/2024\/01\/N80A7458-scaled.jpeg\"><img loading=\"lazy\" decoding=\"async\" width=\"1024\" height=\"683\" data-id=\"270\" src=\"https:\/\/mpm-consulting.fr\/wp-content\/uploads\/2024\/01\/N80A7458-1024x683.jpeg\" alt=\"\" class=\"wp-image-270\" srcset=\"https:\/\/mpm-consulting.fr\/wp-content\/uploads\/2024\/01\/N80A7458-1024x683.jpeg 1024w, https:\/\/mpm-consulting.fr\/wp-content\/uploads\/2024\/01\/N80A7458-300x200.jpeg 300w, https:\/\/mpm-consulting.fr\/wp-content\/uploads\/2024\/01\/N80A7458-768x512.jpeg 768w, https:\/\/mpm-consulting.fr\/wp-content\/uploads\/2024\/01\/N80A7458-1536x1024.jpeg 1536w, https:\/\/mpm-consulting.fr\/wp-content\/uploads\/2024\/01\/N80A7458-2048x1365.jpeg 2048w\" sizes=\"(max-width: 1024px) 100vw, 1024px\" \/><\/a><figcaption class=\"wp-element-caption\">2\u00e8 salle de conf\u00e9rence &#8211; \u00e9dition 2023<\/figcaption><\/figure>\n\n\n\n<figure class=\"wp-block-image size-large\"><a href=\"https:\/\/mpm-consulting.fr\/wp-content\/uploads\/2022\/12\/N80A6076-scaled.jpeg\"><img loading=\"lazy\" decoding=\"async\" width=\"1024\" height=\"683\" data-id=\"232\" src=\"https:\/\/mpm-consulting.fr\/wp-content\/uploads\/2022\/12\/N80A6076-1024x683.jpeg\" alt=\"\" class=\"wp-image-232\" srcset=\"https:\/\/mpm-consulting.fr\/wp-content\/uploads\/2022\/12\/N80A6076-1024x683.jpeg 1024w, https:\/\/mpm-consulting.fr\/wp-content\/uploads\/2022\/12\/N80A6076-300x200.jpeg 300w, https:\/\/mpm-consulting.fr\/wp-content\/uploads\/2022\/12\/N80A6076-768x512.jpeg 768w, https:\/\/mpm-consulting.fr\/wp-content\/uploads\/2022\/12\/N80A6076-1536x1024.jpeg 1536w, https:\/\/mpm-consulting.fr\/wp-content\/uploads\/2022\/12\/N80A6076-2048x1365.jpeg 2048w\" sizes=\"(max-width: 1024px) 100vw, 1024px\" \/><\/a><figcaption class=\"wp-element-caption\">Salle pl\u00e9ni\u00e8re &#8211; \u00e9dition 2022<\/figcaption><\/figure>\n<\/figure>\n<\/div><\/div>\n\n\n\n<p><\/p>\n","protected":false},"excerpt":{"rendered":"<p>Des \u00e9v\u00e9nements \u00e0 votre image, pens\u00e9s pour avoir de l\u2019impact En plus de notre expertise dans le d\u00e9veloppement strat\u00e9gique des entreprises du secteur immobilier et touristique, MPM Consulting con\u00e7oit, produit et organise des \u00e9v\u00e9nements professionnels sur-mesure, en propre ou pour le compte de ses clients. Nous sommes \u00e0 l\u2019origine de 3 rendez-vous embl\u00e9matiques dans l\u2019industrie [&hellip;]<\/p>\n","protected":false},"author":1,"featured_media":0,"parent":0,"menu_order":0,"comment_status":"closed","ping_status":"closed","template":"","meta":{"saved_in_kubio":true,"_seopress_robots_primary_cat":"","_seopress_titles_title":"MPM Consulting \u2013 \u00c9v\u00e9nements professionnels sur-mesure","_seopress_titles_desc":"Cr\u00e9ation organisarion d'\u00e9v\u00e9nements pros sur-mesure : conf\u00e9rences, s\u00e9minaires, mini event, et formats d\u00e9di\u00e9s \u00e0 la location courte dur\u00e9e.","_seopress_robots_index":"","footnotes":""},"class_list":["post-120","page","type-page","status-publish","hentry"],"kubio_ai_page_context":{"short_desc":"","purpose":"general"},"_links":{"self":[{"href":"https:\/\/mpm-consulting.fr\/index.php\/wp-json\/wp\/v2\/pages\/120","targetHints":{"allow":["GET"]}}],"collection":[{"href":"https:\/\/mpm-consulting.fr\/index.php\/wp-json\/wp\/v2\/pages"}],"about":[{"href":"https:\/\/mpm-consulting.fr\/index.php\/wp-json\/wp\/v2\/types\/page"}],"author":[{"embeddable":true,"href":"https:\/\/mpm-consulting.fr\/index.php\/wp-json\/wp\/v2\/users\/1"}],"replies":[{"embeddable":true,"href":"https:\/\/mpm-consulting.fr\/index.php\/wp-json\/wp\/v2\/comments?post=120"}],"version-history":[{"count":18,"href":"https:\/\/mpm-consulting.fr\/index.php\/wp-json\/wp\/v2\/pages\/120\/revisions"}],"predecessor-version":[{"id":468,"href":"https:\/\/mpm-consulting.fr\/index.php\/wp-json\/wp\/v2\/pages\/120\/revisions\/468"}],"wp:attachment":[{"href":"https:\/\/mpm-consulting.fr\/index.php\/wp-json\/wp\/v2\/media?parent=120"}],"curies":[{"name":"wp","href":"https:\/\/api.w.org\/{rel}","templated":true}]}}