{"id":112,"date":"2022-12-08T14:15:17","date_gmt":"2022-12-08T13:15:17","guid":{"rendered":"https:\/\/mpm-consulting.fr\/?page_id=112"},"modified":"2025-10-09T22:29:14","modified_gmt":"2025-10-09T20:29:14","slug":"a-propos-de-mpm-consulting","status":"publish","type":"page","link":"https:\/\/mpm-consulting.fr\/index.php\/a-propos-de-mpm-consulting\/","title":{"rendered":"Qui sommes-nous ?"},"content":{"rendered":"\n<p class=\"justification_texte\"><strong>MPM Consulting<\/strong> est un cabinet de conseils et de production \u00e9v\u00e9nementielle, sp\u00e9cialis\u00e9 dans l\u2019accompagnement strat\u00e9gique des entrepreneurs du secteur <strong>touristique, immobilier et  en particulier de la location courte dur\u00e9e<\/strong>.<\/p>\n\n\n\n<p>Notre mission : vous aider \u00e0 structurer, d\u00e9velopper et p\u00e9renniser votre activit\u00e9 gr\u00e2ce \u00e0 une offre de services sur-mesure, pens\u00e9e pour r\u00e9pondre aux enjeux concrets du terrain.<\/p>\n\n\n\n<h3 class=\"wp-block-heading\">Une expertise \u00e9prouv\u00e9e au service de votre d\u00e9veloppement<\/h3>\n\n\n\n<p>Forte de plus de 10 ans d\u2019exp\u00e9rience en <strong>d\u00e9veloppement commercial \u00e0 l\u2019\u00e9chelle nationale et internationale<\/strong>, notre \u00e9quipe intervient sur des sujets \u00e0 fort impact : strat\u00e9gie, positionnement, communication, mod\u00e8le \u00e9conomique, \u00e9v\u00e9nementiel professionnel.<\/p>\n\n\n\n<p class=\"justification_texte\">Nous nous appuyons \u00e9galement sur un <strong>r\u00e9seau de partenaires de confiance<\/strong> (experts, prestataires, formateurs, \u00e9diteurs, etc.) mobilisable en fonction de vos besoins.<\/p>\n\n\n\n<div class=\"wp-block-columns is-layout-flex wp-container-core-columns-is-layout-28f84493 wp-block-columns-is-layout-flex\">\n<div class=\"wp-block-column is-layout-flow wp-block-column-is-layout-flow\" style=\"flex-basis:33.33%\">\n<figure class=\"wp-block-image size-large\"><img loading=\"lazy\" decoding=\"async\" width=\"1024\" height=\"803\" src=\"https:\/\/mpm-consulting.fr\/wp-content\/uploads\/2023\/01\/profil-marie-1024x803.jpg\" alt=\"\" class=\"wp-image-256\" srcset=\"https:\/\/mpm-consulting.fr\/wp-content\/uploads\/2023\/01\/profil-marie-1024x803.jpg 1024w, https:\/\/mpm-consulting.fr\/wp-content\/uploads\/2023\/01\/profil-marie-300x235.jpg 300w, https:\/\/mpm-consulting.fr\/wp-content\/uploads\/2023\/01\/profil-marie-768x603.jpg 768w, https:\/\/mpm-consulting.fr\/wp-content\/uploads\/2023\/01\/profil-marie-1536x1205.jpg 1536w, https:\/\/mpm-consulting.fr\/wp-content\/uploads\/2023\/01\/profil-marie.jpg 1560w\" sizes=\"(max-width: 1024px) 100vw, 1024px\" \/><\/figure>\n<\/div>\n<\/div>\n\n\n\n<p><strong><a href=\"https:\/\/www.linkedin.com\/in\/mpistinier\/\" data-type=\"link\" data-id=\"https:\/\/www.linkedin.com\/in\/mpistinier\/\" target=\"_blank\" rel=\"noreferrer noopener\">MARIE PISTINIER<\/a> (Pr\u00e9sidente MPM CONSULTING). <\/strong><br><strong>Fondatrice du Scale France<\/strong>, le premier \u00e9v\u00e9nement en France r\u00e9unissant tout l\u2019\u00e9cosyst\u00e8me de la location courte dur\u00e9e : gestionnaires, plateformes, outils tech, prestataires, institutions\u2026<br><strong>Pr\u00e9sidente du SPLM (<\/strong>Syndicat des Professionnels de la Location Meubl\u00e9e) depuis 2020<br><strong>Vice-pr\u00e9sidente de EHHA <\/strong>(European Holiday Home Association)<br><strong>Co-productrice des French Days<\/strong> lors de la Short Stay Week en nov 2021 (40 conf\u00e9rences en ligne autour de la LCD)<br><strong>Fondatrice du Scale France<\/strong>, le premier \u00e9v\u00e9nement en France r\u00e9unissant tout l\u2019\u00e9cosyst\u00e8me de la location courte dur\u00e9e : gestionnaires, plateformes, outils tech, prestataires, institutions\u2026<br><strong>Co-cr\u00e9atrice du podcast \u00ab\u00a0Paris Estate of Mind\u00a0\u00bb<\/strong> (en anglais \u00e0 destination d&rsquo;expatri\u00e9s vivant en France ou souhaitant s&rsquo;installer en France) d\u00e9di\u00e9 \u00e0 l\u2019immobilier, la LCD et \u00e0 la vie en France<br><strong>Co-creatrice des LCD Awards<\/strong> : le seul evenement de l industrie de la LCD qui r\u00e9compense des meubl\u00e9s de tourisme g\u00e9r\u00e9s par des professionnels. 13 Cat\u00e9gories, 13 finalistes, une industrie. <br><br>Tout en pilotant <strong>Lokim <\/strong>(Ex Paris Be A Part Of It) son agence immobili\u00e8re cr\u00e9\u00e9e en 2005. <br><br>Une vision claire : construire un secteur plus professionnel, plus visible, plus durable.<\/p>\n\n\n\n<hr class=\"wp-block-separator has-alpha-channel-opacity\"\/>\n\n\n\n<h2 class=\"wp-block-heading\">Une \u00e9quipe engag\u00e9e et compl\u00e9mentaire<\/h2>\n\n\n\n<p>MPM Consulting, c\u2019est aussi une <strong>\u00e9quipe de collaborateurs et collaboratrices de qualit\u00e9<\/strong>, engag\u00e9s, fiables et align\u00e9s avec notre exigence de professionnalisme, de cr\u00e9ativit\u00e9 et d\u2019impact.Nous cultivons un esprit d\u2019\u00e9quipe o\u00f9 la bienveillance va de pair avec l\u2019exigence, et o\u00f9 chaque mission client est port\u00e9e avec rigueur et enthousiasme.<\/p>\n\n\n\n<h3 class=\"wp-block-heading\">Parmi les piliers de MPM<\/h3>\n\n\n\n<p><a href=\"https:\/\/www.linkedin.com\/in\/laura-gence-60350534\/\" target=\"_blank\" rel=\"noreferrer noopener\"><strong>Laura Gence<\/strong> <\/a>\u2013 Bras droit strat\u00e9gique, cheffe de projets et co-productrice des LCD Awards et du Scale France.<br>Sp\u00e9cialiste des environnements complexes, elle coordonne les projets transversaux, contribue au d\u00e9veloppement de l\u2019activit\u00e9, supervise les productions \u00e9v\u00e9nementielles et co-construit l\u2019\u00e9volution de MPM.<br>Son sens de l\u2019organisation, sa fiabilit\u00e9 et son implication en font un atout majeur dans la r\u00e9ussite des projets clients.<br><strong>Et une \u00e9quipe projet \u00e9largie<\/strong>, mobilis\u00e9e selon les besoins : r\u00e9daction, coordination \u00e9v\u00e9nementielle, design, suivi administratif, outils digitaux\u2026<br><strong>Ce qui nous anime<\/strong><\/p>\n\n\n\n<p>Chez MPM, nous croyons aux <strong>projets solides, humains et diff\u00e9renciants<\/strong>. Nous pensons que le business ne doit pas se faire au d\u00e9triment du sens, ni de l\u2019\u00e9quilibre personnel.<\/p>\n\n\n\n<p>C\u2019est pourquoi nous construisons avec nos clients <strong>des solutions sur-mesure, r\u00e9alistes et activables<\/strong> pour les aider \u00e0 passer un cap, prendre du recul, trouver leur rythme et affirmer leur singularit\u00e9<\/p>\n\n\n\n<p><img loading=\"lazy\" decoding=\"async\" width=\"150\" height=\"56\" class=\"wp-image-82\" style=\"width: 150px;\" src=\"https:\/\/mpm-consulting.fr\/wp-content\/uploads\/2022\/03\/cropped-cropped-LOGO-MPM-RVB-2.png\" alt=\"\" srcset=\"https:\/\/mpm-consulting.fr\/wp-content\/uploads\/2022\/03\/cropped-cropped-LOGO-MPM-RVB-2.png 1600w, https:\/\/mpm-consulting.fr\/wp-content\/uploads\/2022\/03\/cropped-cropped-LOGO-MPM-RVB-2-300x113.png 300w, https:\/\/mpm-consulting.fr\/wp-content\/uploads\/2022\/03\/cropped-cropped-LOGO-MPM-RVB-2-1024x384.png 1024w, https:\/\/mpm-consulting.fr\/wp-content\/uploads\/2022\/03\/cropped-cropped-LOGO-MPM-RVB-2-768x288.png 768w, https:\/\/mpm-consulting.fr\/wp-content\/uploads\/2022\/03\/cropped-cropped-LOGO-MPM-RVB-2-1536x576.png 1536w\" sizes=\"(max-width: 150px) 100vw, 150px\" \/><\/p>\n","protected":false},"excerpt":{"rendered":"<p>MPM Consulting est un cabinet de conseils et de production \u00e9v\u00e9nementielle, sp\u00e9cialis\u00e9 dans l\u2019accompagnement strat\u00e9gique des entrepreneurs du secteur touristique, immobilier et en particulier de la location courte dur\u00e9e. Notre mission : vous aider \u00e0 structurer, d\u00e9velopper et p\u00e9renniser votre activit\u00e9 gr\u00e2ce \u00e0 une offre de services sur-mesure, pens\u00e9e pour r\u00e9pondre aux enjeux concrets du [&hellip;]<\/p>\n","protected":false},"author":1,"featured_media":0,"parent":0,"menu_order":0,"comment_status":"closed","ping_status":"closed","template":"","meta":{"saved_in_kubio":true,"_seopress_robots_primary_cat":"","_seopress_titles_title":"","_seopress_titles_desc":"","_seopress_robots_index":"","footnotes":""},"class_list":["post-112","page","type-page","status-publish","hentry"],"kubio_ai_page_context":{"short_desc":"","purpose":"general"},"_links":{"self":[{"href":"https:\/\/mpm-consulting.fr\/index.php\/wp-json\/wp\/v2\/pages\/112","targetHints":{"allow":["GET"]}}],"collection":[{"href":"https:\/\/mpm-consulting.fr\/index.php\/wp-json\/wp\/v2\/pages"}],"about":[{"href":"https:\/\/mpm-consulting.fr\/index.php\/wp-json\/wp\/v2\/types\/page"}],"author":[{"embeddable":true,"href":"https:\/\/mpm-consulting.fr\/index.php\/wp-json\/wp\/v2\/users\/1"}],"replies":[{"embeddable":true,"href":"https:\/\/mpm-consulting.fr\/index.php\/wp-json\/wp\/v2\/comments?post=112"}],"version-history":[{"count":31,"href":"https:\/\/mpm-consulting.fr\/index.php\/wp-json\/wp\/v2\/pages\/112\/revisions"}],"predecessor-version":[{"id":413,"href":"https:\/\/mpm-consulting.fr\/index.php\/wp-json\/wp\/v2\/pages\/112\/revisions\/413"}],"wp:attachment":[{"href":"https:\/\/mpm-consulting.fr\/index.php\/wp-json\/wp\/v2\/media?parent=112"}],"curies":[{"name":"wp","href":"https:\/\/api.w.org\/{rel}","templated":true}]}}